{"id":87,"date":"2023-05-09T06:15:49","date_gmt":"2023-05-09T11:15:49","guid":{"rendered":"http:\/\/10.1.3.28\/wordpress\/?page_id=87"},"modified":"2023-05-29T16:03:20","modified_gmt":"2023-05-29T21:03:20","slug":"hermosos-portafolios-para-creativos-excepcionales","status":"publish","type":"page","link":"https:\/\/sites.universidadmayor.edu.co\/rendicioncuentas2022\/","title":{"rendered":"Socializaci\u00f3n acciones realizadas para la Audiencia P\u00fablica de Rendici\u00f3n de Cuentas 2022"},"content":{"rendered":"\n<div class=\"wp-block-buttons is-content-justification-center is-layout-flex wp-container-core-buttons-layout-1 wp-block-buttons-is-layout-flex\">\n<div class=\"wp-block-button\"><a class=\"wp-block-button__link wp-element-button\" href=\"https:\/\/encuestas.unicolmayor.edu.co\/index.php\/514974?lang=es\" target=\"_blank\" rel=\"noreferrer noopener\">Formulario Encuesta de Evaluaci\u00f3n Audiencia Publica de Rendici\u00f3n de cuentas vigencia 2022<\/a><\/div>\n<\/div>\n\n\n\n<div style=\"height:100px\" aria-hidden=\"true\" class=\"wp-block-spacer\"><\/div>\n\n\n\n<div class=\"wp-block-buttons is-content-justification-center is-layout-flex wp-container-core-buttons-layout-2 wp-block-buttons-is-layout-flex\">\n<div class=\"wp-block-button\"><a class=\"wp-block-button__link wp-element-button\" href=\"https:\/\/sites.unicolmayor.edu.co\/rendicioncuentas2022\/index.php\/nota\/\" target=\"_blank\" rel=\"noreferrer noopener\">Formulario de Preguntas<\/a><\/div>\n<\/div>\n\n\n\n<div style=\"height:100px\" aria-hidden=\"true\" class=\"wp-block-spacer\"><\/div>\n\n\n\n<figure class=\"wp-block-embed is-type-video is-provider-youtube wp-block-embed-youtube wp-embed-aspect-16-9 wp-has-aspect-ratio\"><div class=\"wp-block-embed__wrapper\">\n<iframe loading=\"lazy\" title=\"Audiencia P\u00fablica de Rendici\u00f3n de Cuentas - Vigencia 2022\" width=\"950\" height=\"534\" src=\"https:\/\/www.youtube.com\/embed\/Ym4W-KgCLVg?feature=oembed\" frameborder=\"0\" allow=\"accelerometer; autoplay; clipboard-write; encrypted-media; gyroscope; picture-in-picture; web-share\" allowfullscreen><\/iframe>\n<\/div><\/figure>\n\n\n\n<div class=\"wp-block-group alignfull has-background is-layout-flow wp-block-group-is-layout-flow\" style=\"background-color:#e5e9ec\"><div class=\"wp-block-group__inner-container\">\n<div class=\"wp-block-columns are-vertically-aligned-center is-layout-flex wp-container-core-columns-layout-1 wp-block-columns-is-layout-flex\">\n<div class=\"wp-block-column is-vertically-aligned-center is-layout-flow wp-block-column-is-layout-flow\">\n<h2 class=\"wp-block-heading has-text-align-center\">Informe de Gesti\u00f3n 2022<\/h2>\n\n\n\n<p><\/p>\n\n\n\n<div class=\"wp-block-buttons is-horizontal is-content-justification-center is-layout-flex wp-container-core-buttons-layout-3 wp-block-buttons-is-layout-flex\">\n<div class=\"wp-block-button\"><a class=\"wp-block-button__link wp-element-button\" href=\"https:\/\/sites.unicolmayor.edu.co\/rendicioncuentas2022\/wp-content\/uploads\/2023\/05\/Infgestion2022v2-1.pdf\" target=\"_blank\" rel=\"noreferrer noopener\">Descargar<\/a><\/div>\n<\/div>\n\n\n\n<p><\/p>\n<\/div>\n\n\n\n<div class=\"wp-block-column is-vertically-aligned-center is-layout-flow wp-block-column-is-layout-flow\">\n<div class=\"wp-block-group is-layout-constrained wp-block-group-is-layout-constrained\"><div class=\"wp-block-group__inner-container\">\n<figure class=\"wp-block-gallery has-nested-images columns-default is-cropped wp-block-gallery-1 is-layout-flex wp-block-gallery-is-layout-flex\">\n<figure class=\"wp-block-image size-large\"><img loading=\"lazy\" decoding=\"async\" width=\"791\" height=\"1024\" src=\"https:\/\/sites.unicolmayor.edu.co\/rendicioncuentas2022\/wp-content\/uploads\/2023\/05\/info2-791x1024.png\" alt=\"\" class=\"wp-image-314\" srcset=\"https:\/\/sites.universidadmayor.edu.co\/rendicioncuentas2022\/wp-content\/uploads\/2023\/05\/info2-791x1024.png 791w, https:\/\/sites.universidadmayor.edu.co\/rendicioncuentas2022\/wp-content\/uploads\/2023\/05\/info2-232x300.png 232w, https:\/\/sites.universidadmayor.edu.co\/rendicioncuentas2022\/wp-content\/uploads\/2023\/05\/info2-768x994.png 768w, https:\/\/sites.universidadmayor.edu.co\/rendicioncuentas2022\/wp-content\/uploads\/2023\/05\/info2-1187x1536.png 1187w, https:\/\/sites.universidadmayor.edu.co\/rendicioncuentas2022\/wp-content\/uploads\/2023\/05\/info2-1583x2048.png 1583w, https:\/\/sites.universidadmayor.edu.co\/rendicioncuentas2022\/wp-content\/uploads\/2023\/05\/info2.png 1701w\" sizes=\"(max-width: 791px) 100vw, 791px\" \/><\/figure>\n<\/figure>\n<\/div><\/div>\n<\/div>\n<\/div>\n<\/div><\/div>\n\n\n\n<div class=\"wp-block-group alignfull is-layout-flow wp-block-group-is-layout-flow\"><div class=\"wp-block-group__inner-container\">\n<div class=\"wp-block-columns are-vertically-aligned-center is-layout-flex wp-container-core-columns-layout-2 wp-block-columns-is-layout-flex\">\n<div class=\"wp-block-column is-vertically-aligned-center is-layout-flow wp-block-column-is-layout-flow\">\n<figure class=\"wp-block-image size-large\"><img loading=\"lazy\" decoding=\"async\" width=\"1024\" height=\"748\" src=\"http:\/\/10.1.3.28\/wordpress\/wp-content\/uploads\/2023\/05\/LOGO-RENDICION-DE-CUENTAS-2022-AZUL-1024x748.jpg\" alt=\"\" class=\"wp-image-113\" srcset=\"https:\/\/sites.universidadmayor.edu.co\/rendicioncuentas2022\/wp-content\/uploads\/2023\/05\/LOGO-RENDICION-DE-CUENTAS-2022-AZUL-1024x748.jpg 1024w, https:\/\/sites.universidadmayor.edu.co\/rendicioncuentas2022\/wp-content\/uploads\/2023\/05\/LOGO-RENDICION-DE-CUENTAS-2022-AZUL-300x219.jpg 300w, https:\/\/sites.universidadmayor.edu.co\/rendicioncuentas2022\/wp-content\/uploads\/2023\/05\/LOGO-RENDICION-DE-CUENTAS-2022-AZUL-768x561.jpg 768w, https:\/\/sites.universidadmayor.edu.co\/rendicioncuentas2022\/wp-content\/uploads\/2023\/05\/LOGO-RENDICION-DE-CUENTAS-2022-AZUL.jpg 1474w\" sizes=\"(max-width: 1024px) 100vw, 1024px\" \/><\/figure>\n<\/div>\n\n\n\n<div class=\"wp-block-column is-vertically-aligned-center is-layout-flow wp-block-column-is-layout-flow\">\n<h2 class=\"wp-block-heading has-text-align-center\">Reglamento<\/h2>\n\n\n\n<div class=\"wp-block-buttons is-content-justification-center is-layout-flex wp-container-core-buttons-layout-4 wp-block-buttons-is-layout-flex\">\n<div class=\"wp-block-button\"><a class=\"wp-block-button__link has-text-align-center wp-element-button\" href=\"https:\/\/sites.unicolmayor.edu.co\/rendicioncuentas2022\/wp-content\/uploads\/2023\/05\/Resolucion653de2016Reglamentoredu.pdf\" target=\"_blank\" rel=\"noreferrer noopener\">Res. 653 de 2016<\/a><\/div>\n\n\n\n<div class=\"wp-block-button\"><a class=\"wp-block-button__link wp-element-button\" href=\"https:\/\/sites.unicolmayor.edu.co\/rendicioncuentas2022\/wp-content\/uploads\/2023\/05\/resolucion616-2020.pdf\" target=\"_blank\" rel=\"noreferrer noopener\">Res. 616 de 2020<\/a><\/div>\n<\/div>\n<\/div>\n<\/div>\n<\/div><\/div>\n\n\n\n<div class=\"wp-block-cover alignfull is-light has-parallax\" style=\"min-height:375px\"><span aria-hidden=\"true\" class=\"wp-block-cover__background has-black-background-color has-background-dim-40 has-background-dim\"><\/span><div role=\"img\" class=\"wp-block-cover__image-background wp-image-185 has-parallax\" style=\"background-position:50% 50%;background-image:url(https:\/\/sites.unicolmayor.edu.co\/rendicioncuentas2022\/wp-content\/uploads\/2023\/05\/4444.jpg)\"><\/div><div class=\"wp-block-cover__inner-container is-layout-flow wp-block-cover-is-layout-flow\">\n<p class=\"has-text-align-center has-text-color has-huge-font-size\" style=\"color:#fffffa;line-height:1.1\">Preguntas Frecuentes<\/p>\n\n\n\n<div class=\"wp-block-buttons is-horizontal is-content-justification-center is-layout-flex wp-container-core-buttons-layout-5 wp-block-buttons-is-layout-flex\">\n<div class=\"wp-block-button\"><a class=\"wp-block-button__link has-white-color has-text-color wp-element-button\" href=\"https:\/\/sites.unicolmayor.edu.co\/rendicioncuentas2022\/index.php\/preguntas-fecuentes\/\" target=\"_blank\" rel=\"noreferrer noopener\">Leer m\u00c1s<\/a><\/div>\n<\/div>\n<\/div><\/div>\n","protected":false},"excerpt":{"rendered":"<p>Informe de Gesti\u00f3n 2022 Reglamento<\/p>\n","protected":false},"author":1,"featured_media":86,"parent":0,"menu_order":0,"comment_status":"closed","ping_status":"closed","template":"","meta":{"footnotes":""},"_links":{"self":[{"href":"https:\/\/sites.universidadmayor.edu.co\/rendicioncuentas2022\/index.php\/wp-json\/wp\/v2\/pages\/87"}],"collection":[{"href":"https:\/\/sites.universidadmayor.edu.co\/rendicioncuentas2022\/index.php\/wp-json\/wp\/v2\/pages"}],"about":[{"href":"https:\/\/sites.universidadmayor.edu.co\/rendicioncuentas2022\/index.php\/wp-json\/wp\/v2\/types\/page"}],"author":[{"embeddable":true,"href":"https:\/\/sites.universidadmayor.edu.co\/rendicioncuentas2022\/index.php\/wp-json\/wp\/v2\/users\/1"}],"replies":[{"embeddable":true,"href":"https:\/\/sites.universidadmayor.edu.co\/rendicioncuentas2022\/index.php\/wp-json\/wp\/v2\/comments?post=87"}],"version-history":[{"count":75,"href":"https:\/\/sites.universidadmayor.edu.co\/rendicioncuentas2022\/index.php\/wp-json\/wp\/v2\/pages\/87\/revisions"}],"predecessor-version":[{"id":677,"href":"https:\/\/sites.universidadmayor.edu.co\/rendicioncuentas2022\/index.php\/wp-json\/wp\/v2\/pages\/87\/revisions\/677"}],"wp:featuredmedia":[{"embeddable":true,"href":"https:\/\/sites.universidadmayor.edu.co\/rendicioncuentas2022\/index.php\/wp-json\/wp\/v2\/media\/86"}],"wp:attachment":[{"href":"https:\/\/sites.universidadmayor.edu.co\/rendicioncuentas2022\/index.php\/wp-json\/wp\/v2\/media?parent=87"}],"curies":[{"name":"wp","href":"https:\/\/api.w.org\/{rel}","templated":true}]}}