{"id":701,"date":"2023-08-08T10:14:25","date_gmt":"2023-08-08T15:14:25","guid":{"rendered":"https:\/\/sites.unicolmayor.edu.co\/rendicioncuentas2022\/?page_id=701"},"modified":"2023-08-29T09:50:36","modified_gmt":"2023-08-29T14:50:36","slug":"concurso-docente","status":"publish","type":"page","link":"https:\/\/sites.universidadmayor.edu.co\/rendicioncuentas2022\/index.php\/concurso-docente\/","title":{"rendered":"Concurso Docente"},"content":{"rendered":"\n<figure class=\"wp-block-image size-large\"><a href=\"https:\/\/meet.google.com\/hzq-ftea-vjt\"><img loading=\"lazy\" decoding=\"async\" width=\"1024\" height=\"315\" src=\"https:\/\/sites.unicolmayor.edu.co\/rendicioncuentas2022\/wp-content\/uploads\/2023\/08\/BW_INVITACION-CONCURSO-DOCENTE-1024x315.jpg\" alt=\"\" class=\"wp-image-745\" srcset=\"https:\/\/sites.universidadmayor.edu.co\/rendicioncuentas2022\/wp-content\/uploads\/2023\/08\/BW_INVITACION-CONCURSO-DOCENTE-1024x315.jpg 1024w, https:\/\/sites.universidadmayor.edu.co\/rendicioncuentas2022\/wp-content\/uploads\/2023\/08\/BW_INVITACION-CONCURSO-DOCENTE-300x92.jpg 300w, https:\/\/sites.universidadmayor.edu.co\/rendicioncuentas2022\/wp-content\/uploads\/2023\/08\/BW_INVITACION-CONCURSO-DOCENTE-768x236.jpg 768w, https:\/\/sites.universidadmayor.edu.co\/rendicioncuentas2022\/wp-content\/uploads\/2023\/08\/BW_INVITACION-CONCURSO-DOCENTE-1536x473.jpg 1536w, https:\/\/sites.universidadmayor.edu.co\/rendicioncuentas2022\/wp-content\/uploads\/2023\/08\/BW_INVITACION-CONCURSO-DOCENTE-2048x630.jpg 2048w, https:\/\/sites.universidadmayor.edu.co\/rendicioncuentas2022\/wp-content\/uploads\/2023\/08\/BW_INVITACION-CONCURSO-DOCENTE-2000x615.jpg 2000w\" sizes=\"(max-width: 1024px) 100vw, 1024px\" \/><\/a><\/figure>\n\n\n\n<figure class=\"wp-block-embed is-type-video is-provider-youtube wp-block-embed-youtube wp-embed-aspect-16-9 wp-has-aspect-ratio\"><div class=\"wp-block-embed__wrapper\">\n<iframe loading=\"lazy\" title=\"Actividad de Di\u00e1logo Concurso Docente - Rendici\u00f3n de Cuentas vigencia 2023\" width=\"950\" height=\"534\" src=\"https:\/\/www.youtube.com\/embed\/wfqOMhxQExQ?feature=oembed\" frameborder=\"0\" allow=\"accelerometer; autoplay; clipboard-write; encrypted-media; gyroscope; picture-in-picture; web-share\" allowfullscreen><\/iframe>\n<\/div><\/figure>\n\n\n\n<figure class=\"wp-block-embed is-type-video is-provider-youtube wp-block-embed-youtube wp-embed-aspect-16-9 wp-has-aspect-ratio\"><div class=\"wp-block-embed__wrapper\">\n<iframe loading=\"lazy\" title=\"Actividad de Di\u00e1logo Concurso Docente - Rendici\u00f3n de Cuentas vigencia 2023\" width=\"950\" height=\"534\" src=\"https:\/\/www.youtube.com\/embed\/miR_KHBrrxY?feature=oembed\" frameborder=\"0\" allow=\"accelerometer; autoplay; clipboard-write; encrypted-media; gyroscope; picture-in-picture; web-share\" allowfullscreen><\/iframe>\n<\/div><\/figure>\n\n\n\n<figure class=\"wp-block-embed is-type-video is-provider-youtube wp-block-embed-youtube wp-embed-aspect-16-9 wp-has-aspect-ratio\"><div class=\"wp-block-embed__wrapper\">\n<iframe loading=\"lazy\" title=\"Actividad de Di\u00e1logo Concurso Docente - Rendici\u00f3n de Cuentas vigencia 2023\" width=\"950\" height=\"534\" src=\"https:\/\/www.youtube.com\/embed\/KqlVmWUHOkI?feature=oembed\" frameborder=\"0\" allow=\"accelerometer; autoplay; clipboard-write; encrypted-media; gyroscope; picture-in-picture; web-share\" allowfullscreen><\/iframe>\n<\/div><\/figure>\n\n\n\n<figure class=\"wp-block-embed is-type-video is-provider-youtube wp-block-embed-youtube wp-embed-aspect-16-9 wp-has-aspect-ratio\"><div class=\"wp-block-embed__wrapper\">\n<iframe loading=\"lazy\" title=\"Actividad de Di\u00e1logo Concurso Docente - Rendici\u00f3n de Cuentas vigencia 2023\" width=\"950\" height=\"534\" src=\"https:\/\/www.youtube.com\/embed\/l8052JHLRMU?feature=oembed\" frameborder=\"0\" allow=\"accelerometer; autoplay; clipboard-write; encrypted-media; gyroscope; picture-in-picture; web-share\" allowfullscreen><\/iframe>\n<\/div><\/figure>\n\n\n<p><a role=\"button\" href=\"https:\/\/encuestas.unicolmayor.edu.co\/index.php\/775292?lang=es\"><br \/>Encuesta selecci\u00f3n de temas evento asociado a la rendici\u00f3n de cuentas: Concurso Docente<br \/><\/a><\/p>\n<p><style>\/*! elementor - v3.13.1 - 09-05-2023 *\/<br \/>\n.elementor-widget-image{text-align:center}.elementor-widget-image a{display:inline-block}.elementor-widget-image a img[src$=\".svg\"]{width:48px}.elementor-widget-image img{vertical-align:middle;display:inline-block}<\/style><\/p>\n<p><img loading=\"lazy\" decoding=\"async\" src=\"https:\/\/sites.unicolmayor.edu.co\/rendicioncuentas2022\/wp-content\/uploads\/2023\/08\/Banner_encuesta-1024x315.jpg\" sizes=\"100vw\" srcset=\"https:\/\/sites.unicolmayor.edu.co\/rendicioncuentas2022\/wp-content\/uploads\/2023\/08\/Banner_encuesta-1024x315.jpg 1024w, https:\/\/sites.unicolmayor.edu.co\/rendicioncuentas2022\/wp-content\/uploads\/2023\/08\/Banner_encuesta-300x92.jpg 300w, https:\/\/sites.unicolmayor.edu.co\/rendicioncuentas2022\/wp-content\/uploads\/2023\/08\/Banner_encuesta-768x236.jpg 768w, https:\/\/sites.unicolmayor.edu.co\/rendicioncuentas2022\/wp-content\/uploads\/2023\/08\/Banner_encuesta-1536x473.jpg 1536w, https:\/\/sites.unicolmayor.edu.co\/rendicioncuentas2022\/wp-content\/uploads\/2023\/08\/Banner_encuesta-2048x630.jpg 2048w, https:\/\/sites.unicolmayor.edu.co\/rendicioncuentas2022\/wp-content\/uploads\/2023\/08\/Banner_encuesta-2000x615.jpg 2000w\" alt=\"\" width=\"950\" height=\"292\" \/><\/p>\n\n\n<h2 class=\"wp-block-heading\">Resultados Encuesta Actividad Rendici\u00f3n de Cuentas Concurso Docente<\/h2>\n\n\n\n<div data-wp-interactive=\"\" class=\"wp-block-file\"><object data-wp-bind--hidden=\"!selectors.core.file.hasPdfPreview\" hidden class=\"wp-block-file__embed\" data=\"https:\/\/sites.unicolmayor.edu.co\/rendicioncuentas2022\/wp-content\/uploads\/2023\/08\/Resultados-encuesta-actividad-rendicion-de-cuentas-concurso-Docente.pdf\" type=\"application\/pdf\" style=\"width:100%;height:600px\" aria-label=\"Incrustado de Resultados-encuesta-actividad-rendicion-de-cuentas-concurso-Docente.\"><\/object><a id=\"wp-block-file--media-895024ee-267e-44ea-86ca-01abb2c6bb1a\" href=\"https:\/\/sites.unicolmayor.edu.co\/rendicioncuentas2022\/wp-content\/uploads\/2023\/08\/Resultados-encuesta-actividad-rendicion-de-cuentas-concurso-Docente.pdf\">Resultados-encuesta-actividad-rendicion-de-cuentas-concurso-Docente<\/a><a href=\"https:\/\/sites.unicolmayor.edu.co\/rendicioncuentas2022\/wp-content\/uploads\/2023\/08\/Resultados-encuesta-actividad-rendicion-de-cuentas-concurso-Docente.pdf\" class=\"wp-block-file__button wp-element-button\" download aria-describedby=\"wp-block-file--media-895024ee-267e-44ea-86ca-01abb2c6bb1a\">Descargar<\/a><\/div>\n","protected":false},"excerpt":{"rendered":"<p>Encuesta selecci\u00f3n de temas evento asociado a la rendici\u00f3n de cuentas: Concurso Docente Resultados Encuesta Actividad Rendici\u00f3n de Cuentas Concurso Docente<\/p>\n","protected":false},"author":1,"featured_media":0,"parent":0,"menu_order":0,"comment_status":"closed","ping_status":"closed","template":"","meta":{"footnotes":""},"_links":{"self":[{"href":"https:\/\/sites.universidadmayor.edu.co\/rendicioncuentas2022\/index.php\/wp-json\/wp\/v2\/pages\/701"}],"collection":[{"href":"https:\/\/sites.universidadmayor.edu.co\/rendicioncuentas2022\/index.php\/wp-json\/wp\/v2\/pages"}],"about":[{"href":"https:\/\/sites.universidadmayor.edu.co\/rendicioncuentas2022\/index.php\/wp-json\/wp\/v2\/types\/page"}],"author":[{"embeddable":true,"href":"https:\/\/sites.universidadmayor.edu.co\/rendicioncuentas2022\/index.php\/wp-json\/wp\/v2\/users\/1"}],"replies":[{"embeddable":true,"href":"https:\/\/sites.universidadmayor.edu.co\/rendicioncuentas2022\/index.php\/wp-json\/wp\/v2\/comments?post=701"}],"version-history":[{"count":19,"href":"https:\/\/sites.universidadmayor.edu.co\/rendicioncuentas2022\/index.php\/wp-json\/wp\/v2\/pages\/701\/revisions"}],"predecessor-version":[{"id":763,"href":"https:\/\/sites.universidadmayor.edu.co\/rendicioncuentas2022\/index.php\/wp-json\/wp\/v2\/pages\/701\/revisions\/763"}],"wp:attachment":[{"href":"https:\/\/sites.universidadmayor.edu.co\/rendicioncuentas2022\/index.php\/wp-json\/wp\/v2\/media?parent=701"}],"curies":[{"name":"wp","href":"https:\/\/api.w.org\/{rel}","templated":true}]}}