{"id":178,"date":"2023-05-09T09:31:41","date_gmt":"2023-05-09T14:31:41","guid":{"rendered":"http:\/\/10.1.3.28\/wordpress\/?page_id=178"},"modified":"2023-05-11T21:32:08","modified_gmt":"2023-05-12T02:32:08","slug":"preguntas-fecuentes","status":"publish","type":"page","link":"https:\/\/sites.universidadmayor.edu.co\/rendicioncuentas2022\/index.php\/preguntas-fecuentes\/","title":{"rendered":"Preguntas Frecuentes"},"content":{"rendered":"\t\t<div data-elementor-type=\"wp-page\" data-elementor-id=\"178\" class=\"elementor elementor-178\">\n\t\t\t\t\t\t\t\t\t<section class=\"elementor-section elementor-top-section elementor-element elementor-element-9cfa916 elementor-section-boxed elementor-section-height-default elementor-section-height-default\" data-id=\"9cfa916\" data-element_type=\"section\">\n\t\t\t\t\t\t<div class=\"elementor-container elementor-column-gap-default\">\n\t\t\t\t\t<div class=\"elementor-column elementor-col-100 elementor-top-column elementor-element elementor-element-9b75636\" data-id=\"9b75636\" data-element_type=\"column\">\n\t\t\t<div class=\"elementor-widget-wrap elementor-element-populated\">\n\t\t\t\t\t\t\t\t<div class=\"elementor-element elementor-element-5fba5b9 elementor-widget elementor-widget-toggle\" data-id=\"5fba5b9\" data-element_type=\"widget\" data-widget_type=\"toggle.default\">\n\t\t\t\t<div class=\"elementor-widget-container\">\n\t\t\t<style>\/*! elementor - v3.13.1 - 09-05-2023 *\/\n.elementor-toggle{text-align:left}.elementor-toggle .elementor-tab-title{font-weight:700;line-height:1;margin:0;padding:15px;border-bottom:1px solid #d5d8dc;cursor:pointer;outline:none}.elementor-toggle .elementor-tab-title .elementor-toggle-icon{display:inline-block;width:1em}.elementor-toggle .elementor-tab-title .elementor-toggle-icon svg{-webkit-margin-start:-5px;margin-inline-start:-5px;width:1em;height:1em}.elementor-toggle .elementor-tab-title .elementor-toggle-icon.elementor-toggle-icon-right{float:right;text-align:right}.elementor-toggle .elementor-tab-title .elementor-toggle-icon.elementor-toggle-icon-left{float:left;text-align:left}.elementor-toggle .elementor-tab-title .elementor-toggle-icon .elementor-toggle-icon-closed{display:block}.elementor-toggle .elementor-tab-title .elementor-toggle-icon .elementor-toggle-icon-opened{display:none}.elementor-toggle .elementor-tab-title.elementor-active{border-bottom:none}.elementor-toggle .elementor-tab-title.elementor-active .elementor-toggle-icon-closed{display:none}.elementor-toggle .elementor-tab-title.elementor-active .elementor-toggle-icon-opened{display:block}.elementor-toggle .elementor-tab-content{padding:15px;border-bottom:1px solid #d5d8dc;display:none}@media (max-width:767px){.elementor-toggle .elementor-tab-title{padding:12px}.elementor-toggle .elementor-tab-content{padding:12px 10px}}.e-con-inner>.elementor-widget-toggle,.e-con>.elementor-widget-toggle{width:var(--container-widget-width);--flex-grow:var(--container-widget-flex-grow)}<\/style>\t\t<div class=\"elementor-toggle\" role=\"tablist\">\n\t\t\t\t\t\t\t<div class=\"elementor-toggle-item\">\n\t\t\t\t\t<div id=\"elementor-tab-title-1001\" class=\"elementor-tab-title\" data-tab=\"1\" role=\"tab\" aria-controls=\"elementor-tab-content-1001\" aria-expanded=\"false\">\n\t\t\t\t\t\t\t\t\t\t\t\t<span class=\"elementor-toggle-icon elementor-toggle-icon-left\" aria-hidden=\"true\">\n\t\t\t\t\t\t\t\t\t\t\t\t\t\t\t<span class=\"elementor-toggle-icon-closed\"><i class=\"fas fa-caret-right\"><\/i><\/span>\n\t\t\t\t\t\t\t\t<span class=\"elementor-toggle-icon-opened\"><i class=\"elementor-toggle-icon-opened fas fa-caret-up\"><\/i><\/span>\n\t\t\t\t\t\t\t\t\t\t\t\t\t<\/span>\n\t\t\t\t\t\t\t\t\t\t\t\t<a href=\"\" class=\"elementor-toggle-title\">\u00bfA trav\u00e9s de que medio puedo formular preguntas y\/o inquietudes antes de la rendici\u00f3n de cuentas?<\/a>\n\t\t\t\t\t<\/div>\n\n\t\t\t\t\t<div id=\"elementor-tab-content-1001\" class=\"elementor-tab-content elementor-clearfix\" data-tab=\"1\" role=\"tabpanel\" aria-labelledby=\"elementor-tab-title-1001\"><p>Puede formular preguntas a trav\u00e9s del formulario de preguntas y\/o inquietudes que est\u00e1 disponible en el link https:\/\/sites.unicolmayor.edu.co\/rendicioncuentas2022 a partir del 10 de mayo de 2023.<\/p><\/div>\n\t\t\t\t<\/div>\n\t\t\t\t\t\t\t<div class=\"elementor-toggle-item\">\n\t\t\t\t\t<div id=\"elementor-tab-title-1002\" class=\"elementor-tab-title\" data-tab=\"2\" role=\"tab\" aria-controls=\"elementor-tab-content-1002\" aria-expanded=\"false\">\n\t\t\t\t\t\t\t\t\t\t\t\t<span class=\"elementor-toggle-icon elementor-toggle-icon-left\" aria-hidden=\"true\">\n\t\t\t\t\t\t\t\t\t\t\t\t\t\t\t<span class=\"elementor-toggle-icon-closed\"><i class=\"fas fa-caret-right\"><\/i><\/span>\n\t\t\t\t\t\t\t\t<span class=\"elementor-toggle-icon-opened\"><i class=\"elementor-toggle-icon-opened fas fa-caret-up\"><\/i><\/span>\n\t\t\t\t\t\t\t\t\t\t\t\t\t<\/span>\n\t\t\t\t\t\t\t\t\t\t\t\t<a href=\"\" class=\"elementor-toggle-title\">\u00bfEn qu\u00e9 fecha se realizar\u00e1 la Rendici\u00f3n de Cuentas vigencia 2022?<\/a>\n\t\t\t\t\t<\/div>\n\n\t\t\t\t\t<div id=\"elementor-tab-content-1002\" class=\"elementor-tab-content elementor-clearfix\" data-tab=\"2\" role=\"tabpanel\" aria-labelledby=\"elementor-tab-title-1002\"><p>La Rendici\u00f3n de Cuentas ser\u00e1 emitida el d\u00eda jueves 25 de mayo de 2023.<\/p><\/div>\n\t\t\t\t<\/div>\n\t\t\t\t\t\t\t<div class=\"elementor-toggle-item\">\n\t\t\t\t\t<div id=\"elementor-tab-title-1003\" class=\"elementor-tab-title\" data-tab=\"3\" role=\"tab\" aria-controls=\"elementor-tab-content-1003\" aria-expanded=\"false\">\n\t\t\t\t\t\t\t\t\t\t\t\t<span class=\"elementor-toggle-icon elementor-toggle-icon-left\" aria-hidden=\"true\">\n\t\t\t\t\t\t\t\t\t\t\t\t\t\t\t<span class=\"elementor-toggle-icon-closed\"><i class=\"fas fa-caret-right\"><\/i><\/span>\n\t\t\t\t\t\t\t\t<span class=\"elementor-toggle-icon-opened\"><i class=\"elementor-toggle-icon-opened fas fa-caret-up\"><\/i><\/span>\n\t\t\t\t\t\t\t\t\t\t\t\t\t<\/span>\n\t\t\t\t\t\t\t\t\t\t\t\t<a href=\"\" class=\"elementor-toggle-title\">\u00bfEn qu\u00e9 canales puedo sintonizar la emisi\u00f3n de la Rendici\u00f3n de Cuentas?<\/a>\n\t\t\t\t\t<\/div>\n\n\t\t\t\t\t<div id=\"elementor-tab-content-1003\" class=\"elementor-tab-content elementor-clearfix\" data-tab=\"3\" role=\"tabpanel\" aria-labelledby=\"elementor-tab-title-1003\"><p>La Rendici\u00f3n de Cuentas para la vigencia 2022 se podr\u00e1 sintonizar en los siguientes canales:<br \/>Claro 109<br \/>Etb 273<br \/>Tigo-Une 118<br \/>Directv 146<br \/>Movistar 409<\/p><\/div>\n\t\t\t\t<\/div>\n\t\t\t\t\t\t\t<div class=\"elementor-toggle-item\">\n\t\t\t\t\t<div id=\"elementor-tab-title-1004\" class=\"elementor-tab-title\" data-tab=\"4\" role=\"tab\" aria-controls=\"elementor-tab-content-1004\" aria-expanded=\"false\">\n\t\t\t\t\t\t\t\t\t\t\t\t<span class=\"elementor-toggle-icon elementor-toggle-icon-left\" aria-hidden=\"true\">\n\t\t\t\t\t\t\t\t\t\t\t\t\t\t\t<span class=\"elementor-toggle-icon-closed\"><i class=\"fas fa-caret-right\"><\/i><\/span>\n\t\t\t\t\t\t\t\t<span class=\"elementor-toggle-icon-opened\"><i class=\"elementor-toggle-icon-opened fas fa-caret-up\"><\/i><\/span>\n\t\t\t\t\t\t\t\t\t\t\t\t\t<\/span>\n\t\t\t\t\t\t\t\t\t\t\t\t<a href=\"\" class=\"elementor-toggle-title\">\u00bfCu\u00e1ntas emisiones tendr\u00e1 la Rendici\u00f3n de Cuentas?<\/a>\n\t\t\t\t\t<\/div>\n\n\t\t\t\t\t<div id=\"elementor-tab-content-1004\" class=\"elementor-tab-content elementor-clearfix\" data-tab=\"4\" role=\"tabpanel\" aria-labelledby=\"elementor-tab-title-1004\"><p>La Rendici\u00f3n de Cuentas tendr\u00e1 2 emisiones el d\u00eda jueves 25 de mayo de 2023 as\u00ed:<br \/>10:00 am y la repetici\u00f3n a las 7:00 pm.<\/p><\/div>\n\t\t\t\t<\/div>\n\t\t\t\t\t\t\t<div class=\"elementor-toggle-item\">\n\t\t\t\t\t<div id=\"elementor-tab-title-1005\" class=\"elementor-tab-title\" data-tab=\"5\" role=\"tab\" aria-controls=\"elementor-tab-content-1005\" aria-expanded=\"false\">\n\t\t\t\t\t\t\t\t\t\t\t\t<span class=\"elementor-toggle-icon elementor-toggle-icon-left\" aria-hidden=\"true\">\n\t\t\t\t\t\t\t\t\t\t\t\t\t\t\t<span class=\"elementor-toggle-icon-closed\"><i class=\"fas fa-caret-right\"><\/i><\/span>\n\t\t\t\t\t\t\t\t<span class=\"elementor-toggle-icon-opened\"><i class=\"elementor-toggle-icon-opened fas fa-caret-up\"><\/i><\/span>\n\t\t\t\t\t\t\t\t\t\t\t\t\t<\/span>\n\t\t\t\t\t\t\t\t\t\t\t\t<a href=\"\" class=\"elementor-toggle-title\">El d\u00eda de la emisi\u00f3n de la Rendici\u00f3n de Cuentas, \u00bfqui\u00e9nes ser\u00e1n las personas que den respuesta en tiempo real a las preguntas que sean formuladas?<\/a>\n\t\t\t\t\t<\/div>\n\n\t\t\t\t\t<div id=\"elementor-tab-content-1005\" class=\"elementor-tab-content elementor-clearfix\" data-tab=\"5\" role=\"tabpanel\" aria-labelledby=\"elementor-tab-title-1005\"><p>El d\u00eda de la Rendici\u00f3n de Cuentas todo estar\u00e1 dispuesto para que la rectora, vicerrectores, decanos y jefes de oficina den respuesta a las preguntas en tiempo real.<\/p><\/div>\n\t\t\t\t<\/div>\n\t\t\t\t\t\t\t<div class=\"elementor-toggle-item\">\n\t\t\t\t\t<div id=\"elementor-tab-title-1006\" class=\"elementor-tab-title\" data-tab=\"6\" role=\"tab\" aria-controls=\"elementor-tab-content-1006\" aria-expanded=\"false\">\n\t\t\t\t\t\t\t\t\t\t\t\t<span class=\"elementor-toggle-icon elementor-toggle-icon-left\" aria-hidden=\"true\">\n\t\t\t\t\t\t\t\t\t\t\t\t\t\t\t<span class=\"elementor-toggle-icon-closed\"><i class=\"fas fa-caret-right\"><\/i><\/span>\n\t\t\t\t\t\t\t\t<span class=\"elementor-toggle-icon-opened\"><i class=\"elementor-toggle-icon-opened fas fa-caret-up\"><\/i><\/span>\n\t\t\t\t\t\t\t\t\t\t\t\t\t<\/span>\n\t\t\t\t\t\t\t\t\t\t\t\t<a href=\"\" class=\"elementor-toggle-title\">\u00bfA trav\u00e9s de que medio puedo formular preguntas y\/o inquietudes el d\u00eda de la rendici\u00f3n de cuentas?<\/a>\n\t\t\t\t\t<\/div>\n\n\t\t\t\t\t<div id=\"elementor-tab-content-1006\" class=\"elementor-tab-content elementor-clearfix\" data-tab=\"6\" role=\"tabpanel\" aria-labelledby=\"elementor-tab-title-1006\"><p>El d\u00eda de la Rendici\u00f3n de Cuentas usted podr\u00e1 formular preguntas y\/o inquietudes a trav\u00e9s de los siguientes canales:<br \/>&#8211; Redes Sociales<br \/>&#8211; Canal de YouTube<br \/>&#8211; Correo electr\u00f3nico: audienciapublica@unicolmayor.edu.co<br \/>&#8211; Chat de atenci\u00f3n al usuario<br \/>&#8211; Diligenciando el formato de preguntas y\/o inquietudes en los puntos fijos dispuestos en la sede principal y en cada una de las sedes de la Universidad y deposit\u00e1ndolo en las urnas.<br \/>Las preguntas ser\u00e1n resueltas en tiempo real durante la rendici\u00f3n de cuentas y una hora posterior a la misma.<br \/>Las que no alcancen a ser resueltas en el tiempo citado ser\u00e1n resueltas v\u00eda correo electr\u00f3nico en un tiempo no superior a 8 d\u00edas.<\/p><\/div>\n\t\t\t\t<\/div>\n\t\t\t\t\t\t\t<div class=\"elementor-toggle-item\">\n\t\t\t\t\t<div id=\"elementor-tab-title-1007\" class=\"elementor-tab-title\" data-tab=\"7\" role=\"tab\" aria-controls=\"elementor-tab-content-1007\" aria-expanded=\"false\">\n\t\t\t\t\t\t\t\t\t\t\t\t<span class=\"elementor-toggle-icon elementor-toggle-icon-left\" aria-hidden=\"true\">\n\t\t\t\t\t\t\t\t\t\t\t\t\t\t\t<span class=\"elementor-toggle-icon-closed\"><i class=\"fas fa-caret-right\"><\/i><\/span>\n\t\t\t\t\t\t\t\t<span class=\"elementor-toggle-icon-opened\"><i class=\"elementor-toggle-icon-opened fas fa-caret-up\"><\/i><\/span>\n\t\t\t\t\t\t\t\t\t\t\t\t\t<\/span>\n\t\t\t\t\t\t\t\t\t\t\t\t<a href=\"\" class=\"elementor-toggle-title\">\u00bfC\u00f3mo determinan los temas a tratar en la Rendici\u00f3n de Cuentas?<\/a>\n\t\t\t\t\t<\/div>\n\n\t\t\t\t\t<div id=\"elementor-tab-content-1007\" class=\"elementor-tab-content elementor-clearfix\" data-tab=\"7\" role=\"tabpanel\" aria-labelledby=\"elementor-tab-title-1007\"><table width=\"630\"><tbody><tr><td width=\"469\"><p>Los temas a tratar en la Rendici\u00f3n de Cuentas tienen dos directrices. <strong><em><u>La primera<\/u><\/em><\/strong> es el Manual \u00danico de Rendici\u00f3n de Cuentas que propone los temas, aspectos y contenidos relevantes que la entidad debe comunicar y sobre los cuales debe rendir cuentas. El citado documento es de autor\u00eda del Comit\u00e9 T\u00e9cnico de las siguientes entidades: Presidencia de la Rep\u00fablica-Secretar\u00eda de Transparencia, Departamento Administrativo de la Funci\u00f3n P\u00fablica y Departamento Nacional de Planeaci\u00f3n.<\/p><\/td><\/tr><tr><td width=\"469\"><p><strong><em><u>La segunda<\/u><\/em><\/strong> Se tom\u00f3 en cuenta los temas priorizados en la encuesta de selecci\u00f3n de temas que estuvo en l\u00ednea del 8 hasta el 14 de marzo de 2023, cuyos resultados fueron enviados a las vicerrector\u00edas y a partir de ellos se prepar\u00f3 el informe de gesti\u00f3n y las actividades de di\u00e1logo que se presentan en la Rendici\u00f3n de Cuentas.<\/p><\/td><\/tr><\/tbody><\/table><\/div>\n\t\t\t\t<\/div>\n\t\t\t\t\t\t\t<div class=\"elementor-toggle-item\">\n\t\t\t\t\t<div id=\"elementor-tab-title-1008\" class=\"elementor-tab-title\" data-tab=\"8\" role=\"tab\" aria-controls=\"elementor-tab-content-1008\" aria-expanded=\"false\">\n\t\t\t\t\t\t\t\t\t\t\t\t<span class=\"elementor-toggle-icon elementor-toggle-icon-left\" aria-hidden=\"true\">\n\t\t\t\t\t\t\t\t\t\t\t\t\t\t\t<span class=\"elementor-toggle-icon-closed\"><i class=\"fas fa-caret-right\"><\/i><\/span>\n\t\t\t\t\t\t\t\t<span class=\"elementor-toggle-icon-opened\"><i class=\"elementor-toggle-icon-opened fas fa-caret-up\"><\/i><\/span>\n\t\t\t\t\t\t\t\t\t\t\t\t\t<\/span>\n\t\t\t\t\t\t\t\t\t\t\t\t<a href=\"\" class=\"elementor-toggle-title\">\u00bfQu\u00e9 mecanismos emplea la Universidad para hacer la difusi\u00f3n del evento de Rendici\u00f3n de Cuentas?<\/a>\n\t\t\t\t\t<\/div>\n\n\t\t\t\t\t<div id=\"elementor-tab-content-1008\" class=\"elementor-tab-content elementor-clearfix\" data-tab=\"8\" role=\"tabpanel\" aria-labelledby=\"elementor-tab-title-1008\"><table width=\"630\"><tbody><tr><td width=\"469\"><p>La Universidad con los recursos que tiene a su disposici\u00f3n hace difusi\u00f3n de la Rendici\u00f3n de Cuentas a trav\u00e9s de:<\/p><\/td><\/tr><tr><td width=\"469\"><p>&#8211; Promocional en la emisora institucional<\/p><\/td><\/tr><tr><td width=\"469\"><p>&#8211; Promocional en el canal institucional<\/p><\/td><\/tr><tr><td width=\"469\"><p>Correos masivos a todos los estamentos (estudiantes, docentes, administrativos)<\/p><\/td><\/tr><tr><td width=\"469\"><p>Envi\u00f3 por correo electr\u00f3nico de las invitaciones a: Presidencia, Vicepresidencia y Contralor\u00eda General de la Rep\u00fablica, Fiscal\u00eda General y Procuradur\u00eda General de la Naci\u00f3n, Gobernaci\u00f3n de Cundinamarca, Ministerios, Consejo de Bogot\u00e1, ASCUN, Senado de la Rep\u00fablica, C\u00e1mara de Representantes, arzobispo de Bogot\u00e1, Director Polic\u00eda Nacional, directores de otras Universidades, Consejo Superior Universitario, Presidente Asociaciones Sindicales, entre otros.<\/p><\/td><\/tr><tr><td width=\"469\"><p>Redes sociales institucionales<\/p><\/td><\/tr><tr><td width=\"469\"><p>Carteleras institucionales<\/p><\/td><\/tr><\/tbody><\/table><\/div>\n\t\t\t\t<\/div>\n\t\t\t\t\t\t\t<div class=\"elementor-toggle-item\">\n\t\t\t\t\t<div id=\"elementor-tab-title-1009\" class=\"elementor-tab-title\" data-tab=\"9\" role=\"tab\" aria-controls=\"elementor-tab-content-1009\" aria-expanded=\"false\">\n\t\t\t\t\t\t\t\t\t\t\t\t<span class=\"elementor-toggle-icon elementor-toggle-icon-left\" aria-hidden=\"true\">\n\t\t\t\t\t\t\t\t\t\t\t\t\t\t\t<span class=\"elementor-toggle-icon-closed\"><i class=\"fas fa-caret-right\"><\/i><\/span>\n\t\t\t\t\t\t\t\t<span class=\"elementor-toggle-icon-opened\"><i class=\"elementor-toggle-icon-opened fas fa-caret-up\"><\/i><\/span>\n\t\t\t\t\t\t\t\t\t\t\t\t\t<\/span>\n\t\t\t\t\t\t\t\t\t\t\t\t<a href=\"\" class=\"elementor-toggle-title\">\u00bfSabe usted que es la Rendici\u00f3n de Cuentas?<\/a>\n\t\t\t\t\t<\/div>\n\n\t\t\t\t\t<div id=\"elementor-tab-content-1009\" class=\"elementor-tab-content elementor-clearfix\" data-tab=\"9\" role=\"tabpanel\" aria-labelledby=\"elementor-tab-title-1009\"><p>La audiencia p\u00fablica de rendici\u00f3n de cuentas a la ciudadan\u00eda es un espacio de participaci\u00f3n ciudadana que propicia la Universidad Colegio Mayor de Cundinamarca a trav\u00e9s de canales de interlocuci\u00f3n, deliberaci\u00f3n y comunicaci\u00f3n, donde la administraci\u00f3n informa y explica a personas naturales o jur\u00eddicas, p\u00fablicas o privadas y grupos de inter\u00e9s sobre los resultados de la gesti\u00f3n del a\u00f1o inmediatamente anterior.<\/p><\/div>\n\t\t\t\t<\/div>\n\t\t\t\t\t\t\t<div class=\"elementor-toggle-item\">\n\t\t\t\t\t<div id=\"elementor-tab-title-10010\" class=\"elementor-tab-title\" data-tab=\"10\" role=\"tab\" aria-controls=\"elementor-tab-content-10010\" aria-expanded=\"false\">\n\t\t\t\t\t\t\t\t\t\t\t\t<span class=\"elementor-toggle-icon elementor-toggle-icon-left\" aria-hidden=\"true\">\n\t\t\t\t\t\t\t\t\t\t\t\t\t\t\t<span class=\"elementor-toggle-icon-closed\"><i class=\"fas fa-caret-right\"><\/i><\/span>\n\t\t\t\t\t\t\t\t<span class=\"elementor-toggle-icon-opened\"><i class=\"elementor-toggle-icon-opened fas fa-caret-up\"><\/i><\/span>\n\t\t\t\t\t\t\t\t\t\t\t\t\t<\/span>\n\t\t\t\t\t\t\t\t\t\t\t\t<a href=\"\" class=\"elementor-toggle-title\">\u00bfEn d\u00f3nde queda el registro de todas las actividades que se realizaron para la Rendici\u00f3n de Cuentas?<\/a>\n\t\t\t\t\t<\/div>\n\n\t\t\t\t\t<div id=\"elementor-tab-content-10010\" class=\"elementor-tab-content elementor-clearfix\" data-tab=\"10\" role=\"tabpanel\" aria-labelledby=\"elementor-tab-title-10010\"><p>La subdirecci\u00f3n de Promoci\u00f3n y Comunicaciones realiza informe general o memorias sobre la Audiencia P\u00fablica Virtual de Rendici\u00f3n de Cuentas, un mes posterior a la fecha de la realizaci\u00f3n del evento. En el informe se registran las actividades que se realizaron antes, durante y despu\u00e9s del evento, est\u00e1 acompa\u00f1ado de soportes y pueden ser consultados en el link de Rendici\u00f3n de Cuentas de la p\u00e1gina web (<em>landing page<\/em>) para la vigencia 2022.<\/p><\/div>\n\t\t\t\t<\/div>\n\t\t\t\t\t\t\t<div class=\"elementor-toggle-item\">\n\t\t\t\t\t<div id=\"elementor-tab-title-10011\" class=\"elementor-tab-title\" data-tab=\"11\" role=\"tab\" aria-controls=\"elementor-tab-content-10011\" aria-expanded=\"false\">\n\t\t\t\t\t\t\t\t\t\t\t\t<span class=\"elementor-toggle-icon elementor-toggle-icon-left\" aria-hidden=\"true\">\n\t\t\t\t\t\t\t\t\t\t\t\t\t\t\t<span class=\"elementor-toggle-icon-closed\"><i class=\"fas fa-caret-right\"><\/i><\/span>\n\t\t\t\t\t\t\t\t<span class=\"elementor-toggle-icon-opened\"><i class=\"elementor-toggle-icon-opened fas fa-caret-up\"><\/i><\/span>\n\t\t\t\t\t\t\t\t\t\t\t\t\t<\/span>\n\t\t\t\t\t\t\t\t\t\t\t\t<a href=\"\" class=\"elementor-toggle-title\">\u00bfPor qu\u00e9 se est\u00e1 realizando la Rendici\u00f3n de Cuentas virtual?<\/a>\n\t\t\t\t\t<\/div>\n\n\t\t\t\t\t<div id=\"elementor-tab-content-10011\" class=\"elementor-tab-content elementor-clearfix\" data-tab=\"11\" role=\"tabpanel\" aria-labelledby=\"elementor-tab-title-10011\"><p>Porque al ser emitido a trav\u00e9s de un medio masivo de televisi\u00f3n permite que m\u00e1s personas y grupos de inter\u00e9s puedan acceder a la emisi\u00f3n en Colombia donde el canal tenga cubrimiento. En este ejercicio no solo se rinde cuentas de la vigencia, sino que adem\u00e1s es una forma de visibilizar la Universidad.<\/p><\/div>\n\t\t\t\t<\/div>\n\t\t\t\t\t\t\t<div class=\"elementor-toggle-item\">\n\t\t\t\t\t<div id=\"elementor-tab-title-10012\" class=\"elementor-tab-title\" data-tab=\"12\" role=\"tab\" aria-controls=\"elementor-tab-content-10012\" aria-expanded=\"false\">\n\t\t\t\t\t\t\t\t\t\t\t\t<span class=\"elementor-toggle-icon elementor-toggle-icon-left\" aria-hidden=\"true\">\n\t\t\t\t\t\t\t\t\t\t\t\t\t\t\t<span class=\"elementor-toggle-icon-closed\"><i class=\"fas fa-caret-right\"><\/i><\/span>\n\t\t\t\t\t\t\t\t<span class=\"elementor-toggle-icon-opened\"><i class=\"elementor-toggle-icon-opened fas fa-caret-up\"><\/i><\/span>\n\t\t\t\t\t\t\t\t\t\t\t\t\t<\/span>\n\t\t\t\t\t\t\t\t\t\t\t\t<a href=\"\" class=\"elementor-toggle-title\">\u00bfEl proceso de Rendici\u00f3n de Cuentas se eval\u00faa?<\/a>\n\t\t\t\t\t<\/div>\n\n\t\t\t\t\t<div id=\"elementor-tab-content-10012\" class=\"elementor-tab-content elementor-clearfix\" data-tab=\"12\" role=\"tabpanel\" aria-labelledby=\"elementor-tab-title-10012\"><p>S\u00ed. El prop\u00f3sito es la evaluaci\u00f3n de cada una de las acciones de los tres elementos b\u00e1sicos en los que se fundamenta el proceso de Rendici\u00f3n de Cuentas: informaci\u00f3n, di\u00e1logo y responsabilidad. La Oficina de Control Interno debe elaborar un informe con el resultado obtenido de cada una de las acciones, teniendo en cuenta logros y dificultades.<\/p><\/div>\n\t\t\t\t<\/div>\n\t\t\t\t\t\t\t<div class=\"elementor-toggle-item\">\n\t\t\t\t\t<div id=\"elementor-tab-title-10013\" class=\"elementor-tab-title\" data-tab=\"13\" role=\"tab\" aria-controls=\"elementor-tab-content-10013\" aria-expanded=\"false\">\n\t\t\t\t\t\t\t\t\t\t\t\t<span class=\"elementor-toggle-icon elementor-toggle-icon-left\" aria-hidden=\"true\">\n\t\t\t\t\t\t\t\t\t\t\t\t\t\t\t<span class=\"elementor-toggle-icon-closed\"><i class=\"fas fa-caret-right\"><\/i><\/span>\n\t\t\t\t\t\t\t\t<span class=\"elementor-toggle-icon-opened\"><i class=\"elementor-toggle-icon-opened fas fa-caret-up\"><\/i><\/span>\n\t\t\t\t\t\t\t\t\t\t\t\t\t<\/span>\n\t\t\t\t\t\t\t\t\t\t\t\t<a href=\"\" class=\"elementor-toggle-title\">\u00bfQui\u00e9nes pueden participar en la audiencia p\u00fablica de Rendici\u00f3n de Cuentas 2022?<\/a>\n\t\t\t\t\t<\/div>\n\n\t\t\t\t\t<div id=\"elementor-tab-content-10013\" class=\"elementor-tab-content elementor-clearfix\" data-tab=\"13\" role=\"tabpanel\" aria-labelledby=\"elementor-tab-title-10013\"><p>Podr\u00e1n participar en la Audiencia P\u00fablica de Rendici\u00f3n de Cuentas la ciudadan\u00eda en general, la comunidad universitaria entendidos como docentes, estudiantes, administrativos, egresados, servidores p\u00fablicos y pensionados, instituciones de educaci\u00f3n, organizaciones de la sociedad civil, empresas, gremios o representantes del sector productivo y comercial, autoridades civiles, pol\u00edticas, religiosas y militares, medios de Comunicaci\u00f3n, asociaciones o comit\u00e9s de usuarios, veedur\u00edas, organizaciones sindicales de la Universidad Colegio Mayor de Cundinamarca.<\/p><\/div>\n\t\t\t\t<\/div>\n\t\t\t\t\t\t\t\t<\/div>\n\t\t\t\t<\/div>\n\t\t\t\t<\/div>\n\t\t\t\t\t<\/div>\n\t\t<\/div>\n\t\t\t\t\t\t\t<\/div>\n\t\t<\/section>\n\t\t\t\t\t\t\t<\/div>\n\t\t","protected":false},"excerpt":{"rendered":"<p>\u00bfA trav\u00e9s de que medio puedo formular preguntas y\/o inquietudes antes de la rendici\u00f3n de cuentas? Puede formular preguntas a trav\u00e9s del formulario de preguntas y\/o inquietudes que est\u00e1 disponible en el link https:\/\/sites.unicolmayor.edu.co\/rendicioncuentas2022 a partir del 10 de mayo de 2023. \u00bfEn qu\u00e9 fecha se realizar\u00e1 la Rendici\u00f3n de Cuentas vigencia 2022? La Rendici\u00f3n &hellip; <\/p>\n<p class=\"link-more\"><a href=\"https:\/\/sites.universidadmayor.edu.co\/rendicioncuentas2022\/index.php\/preguntas-fecuentes\/\" class=\"more-link\">Leer m\u00e1s<span class=\"screen-reader-text\"> \u00abPreguntas Frecuentes\u00bb<\/span><\/a><\/p>\n","protected":false},"author":1,"featured_media":183,"parent":0,"menu_order":0,"comment_status":"closed","ping_status":"closed","template":"","meta":{"footnotes":""},"_links":{"self":[{"href":"https:\/\/sites.universidadmayor.edu.co\/rendicioncuentas2022\/index.php\/wp-json\/wp\/v2\/pages\/178"}],"collection":[{"href":"https:\/\/sites.universidadmayor.edu.co\/rendicioncuentas2022\/index.php\/wp-json\/wp\/v2\/pages"}],"about":[{"href":"https:\/\/sites.universidadmayor.edu.co\/rendicioncuentas2022\/index.php\/wp-json\/wp\/v2\/types\/page"}],"author":[{"embeddable":true,"href":"https:\/\/sites.universidadmayor.edu.co\/rendicioncuentas2022\/index.php\/wp-json\/wp\/v2\/users\/1"}],"replies":[{"embeddable":true,"href":"https:\/\/sites.universidadmayor.edu.co\/rendicioncuentas2022\/index.php\/wp-json\/wp\/v2\/comments?post=178"}],"version-history":[{"count":88,"href":"https:\/\/sites.universidadmayor.edu.co\/rendicioncuentas2022\/index.php\/wp-json\/wp\/v2\/pages\/178\/revisions"}],"predecessor-version":[{"id":624,"href":"https:\/\/sites.universidadmayor.edu.co\/rendicioncuentas2022\/index.php\/wp-json\/wp\/v2\/pages\/178\/revisions\/624"}],"wp:featuredmedia":[{"embeddable":true,"href":"https:\/\/sites.universidadmayor.edu.co\/rendicioncuentas2022\/index.php\/wp-json\/wp\/v2\/media\/183"}],"wp:attachment":[{"href":"https:\/\/sites.universidadmayor.edu.co\/rendicioncuentas2022\/index.php\/wp-json\/wp\/v2\/media?parent=178"}],"curies":[{"name":"wp","href":"https:\/\/api.w.org\/{rel}","templated":true}]}}